{"id":2722,"date":"2016-04-17T10:14:13","date_gmt":"2016-04-17T10:14:13","guid":{"rendered":"https:\/\/ourmoroccotours.com\/contacto\/"},"modified":"2026-02-14T13:22:21","modified_gmt":"2026-02-14T13:22:21","slug":"contacto","status":"publish","type":"page","link":"https:\/\/ourmoroccotours.com\/es\/contacto\/","title":{"rendered":"Contacto"},"content":{"rendered":"\t\t<div data-elementor-type=\"wp-post\" data-elementor-id=\"2722\" class=\"elementor elementor-2722 elementor-328\" data-elementor-post-type=\"page\">\n\t\t\t\t\t\t<section class=\"elementor-section elementor-top-section elementor-element elementor-element-iuf4h0m elementor-section-boxed elementor-section-height-default elementor-section-height-default\" data-id=\"iuf4h0m\" data-element_type=\"section\" data-e-type=\"section\">\n\t\t\t\t\t\t<div class=\"elementor-container elementor-column-gap-default\">\n\t\t\t\t\t<div class=\"elementor-column elementor-col-100 elementor-top-column elementor-element elementor-element-jbx7oee\" data-id=\"jbx7oee\" data-element_type=\"column\" data-e-type=\"column\">\n\t\t\t<div class=\"elementor-widget-wrap elementor-element-populated\">\n\t\t\t\t\t\t<div class=\"elementor-element elementor-element-51h3p12 elementor-widget elementor-widget-google_maps\" data-id=\"51h3p12\" data-element_type=\"widget\" data-e-type=\"widget\" data-widget_type=\"google_maps.default\">\n\t\t\t\t<div class=\"elementor-widget-container\">\n\t\t\t\t\t\t\t<div class=\"elementor-custom-embed\">\n\t\t\t<iframe loading=\"lazy\"\n\t\t\t\t\tsrc=\"https:\/\/maps.google.com\/maps?q=Marrakech&#038;t=m&#038;z=10&#038;output=embed&#038;iwloc=near\"\n\t\t\t\t\ttitle=\"Marrakech\"\n\t\t\t\t\taria-label=\"Marrakech\"\n\t\t\t><\/iframe>\n\t\t<\/div>\n\t\t\t\t\t\t<\/div>\n\t\t\t\t<\/div>\n\t\t\t\t\t<\/div>\n\t\t<\/div>\n\t\t\t\t\t<\/div>\n\t\t<\/section>\n\t\t\t\t<section class=\"elementor-section elementor-top-section elementor-element elementor-element-d1tumf8 elementor-section-boxed elementor-section-height-default elementor-section-height-default\" data-id=\"d1tumf8\" data-element_type=\"section\" data-e-type=\"section\">\n\t\t\t\t\t\t<div class=\"elementor-container elementor-column-gap-default\">\n\t\t\t\t\t<div class=\"elementor-column elementor-col-50 elementor-top-column elementor-element elementor-element-lw5v8sz\" data-id=\"lw5v8sz\" data-element_type=\"column\" data-e-type=\"column\">\n\t\t\t<div class=\"elementor-widget-wrap elementor-element-populated\">\n\t\t\t\t\t\t<div class=\"elementor-element elementor-element-6o2k9jc elementor-widget elementor-widget-heading\" data-id=\"6o2k9jc\" data-element_type=\"widget\" data-e-type=\"widget\" data-widget_type=\"heading.default\">\n\t\t\t\t<div class=\"elementor-widget-container\">\n\t\t\t\t\t<h2 class=\"elementor-heading-title elementor-size-default\">\u00a1Diga Hola!<\/h2>\t\t\t\t<\/div>\n\t\t\t\t<\/div>\n\t\t\t\t<div class=\"elementor-element elementor-element-e6dd9fb elementor-icon-list--layout-traditional elementor-list-item-link-full_width elementor-widget elementor-widget-icon-list\" data-id=\"e6dd9fb\" data-element_type=\"widget\" data-e-type=\"widget\" data-widget_type=\"icon-list.default\">\n\t\t\t\t<div class=\"elementor-widget-container\">\n\t\t\t\t\t\t\t<ul class=\"elementor-icon-list-items\">\n\t\t\t\t\t\t\t<li class=\"elementor-icon-list-item\">\n\t\t\t\t\t\t\t\t\t\t\t<a href=\"mailto:omtassist@gmail.com\">\n\n\t\t\t\t\t\t\t\t\t\t\t\t<span class=\"elementor-icon-list-icon\">\n\t\t\t\t\t\t\t<i aria-hidden=\"true\" class=\"fas fa-envelope-open\"><\/i>\t\t\t\t\t\t<\/span>\n\t\t\t\t\t\t\t\t\t\t<span class=\"elementor-icon-list-text\">Correo electr\u00f3nico: omtassist@gmail.com<\/span>\n\t\t\t\t\t\t\t\t\t\t\t<\/a>\n\t\t\t\t\t\t\t\t\t<\/li>\n\t\t\t\t\t\t\t\t<li class=\"elementor-icon-list-item\">\n\t\t\t\t\t\t\t\t\t\t\t<a href=\"https:\/\/api.whatsapp.com\/send?phone=+212%20622892479\">\n\n\t\t\t\t\t\t\t\t\t\t\t\t<span class=\"elementor-icon-list-icon\">\n\t\t\t\t\t\t\t<i aria-hidden=\"true\" class=\"fab fa-whatsapp-square\"><\/i>\t\t\t\t\t\t<\/span>\n\t\t\t\t\t\t\t\t\t\t<span class=\"elementor-icon-list-text\">Tel\u00e9fono\/Whatsapp: +212 622892479<\/span>\n\t\t\t\t\t\t\t\t\t\t\t<\/a>\n\t\t\t\t\t\t\t\t\t<\/li>\n\t\t\t\t\t\t\t\t<li class=\"elementor-icon-list-item\">\n\t\t\t\t\t\t\t\t\t\t\t<a href=\"https:\/\/api.whatsapp.com\/send?phone=+34%20634449686\">\n\n\t\t\t\t\t\t\t\t\t\t\t\t<span class=\"elementor-icon-list-icon\">\n\t\t\t\t\t\t\t<i aria-hidden=\"true\" class=\"fab fa-whatsapp-square\"><\/i>\t\t\t\t\t\t<\/span>\n\t\t\t\t\t\t\t\t\t\t<span class=\"elementor-icon-list-text\">Tel\u00e9fono\/Whatsapp: +34 634449686<\/span>\n\t\t\t\t\t\t\t\t\t\t\t<\/a>\n\t\t\t\t\t\t\t\t\t<\/li>\n\t\t\t\t\t\t<\/ul>\n\t\t\t\t\t\t<\/div>\n\t\t\t\t<\/div>\n\t\t\t\t\t<\/div>\n\t\t<\/div>\n\t\t\t\t<div class=\"elementor-column elementor-col-50 elementor-top-column elementor-element elementor-element-g1t3ep2\" data-id=\"g1t3ep2\" data-element_type=\"column\" data-e-type=\"column\">\n\t\t\t<div class=\"elementor-widget-wrap elementor-element-populated\">\n\t\t\t\t\t\t<div class=\"elementor-element elementor-element-yp0ep8b elementor-widget elementor-widget-heading\" data-id=\"yp0ep8b\" data-element_type=\"widget\" data-e-type=\"widget\" data-widget_type=\"heading.default\">\n\t\t\t\t<div class=\"elementor-widget-container\">\n\t\t\t\t\t<h2 class=\"elementor-heading-title elementor-size-default\">Informaci\u00f3n de Contacto<\/h2>\t\t\t\t<\/div>\n\t\t\t\t<\/div>\n\t\t\t\t<div class=\"elementor-element elementor-element-f4e7080 elementor-widget elementor-widget-shortcode\" data-id=\"f4e7080\" data-element_type=\"widget\" data-e-type=\"widget\" data-widget_type=\"shortcode.default\">\n\t\t\t\t<div class=\"elementor-widget-container\">\n\t\t\t\t\t\t\t<div class=\"elementor-shortcode\"><style id=\"wpforms-css-vars-408\">\n\t\t\t\t#wpforms-408 {\n\t\t\t\t--wpforms-field-background-color: #f0f0f0;\n--wpforms-field-border-color: rgba(0, 0, 0, 0.25);\n--wpforms-field-border-color-spare: rgba(0, 0, 0, 0.25);\n--wpforms-field-text-color: #000000;\n--wpforms-label-color: #000000;\n--wpforms-label-sublabel-color: #000000;\n--wpforms-container-padding: 0px;\n--wpforms-container-border-width: 1px;\n--wpforms-container-border-radius: 3px;\n--wpforms-background-color: rgba(0, 0, 0, 0);\n--wpforms-field-size-input-height: 43px;\n--wpforms-field-size-input-spacing: 15px;\n--wpforms-field-size-font-size: 16px;\n--wpforms-field-size-line-height: 19px;\n--wpforms-field-size-padding-h: 14px;\n--wpforms-field-size-checkbox-size: 16px;\n--wpforms-field-size-sublabel-spacing: 5px;\n--wpforms-field-size-icon-size: 1;\n--wpforms-label-size-font-size: 16px;\n--wpforms-label-size-line-height: 19px;\n--wpforms-label-size-sublabel-font-size: 14px;\n--wpforms-label-size-sublabel-line-height: 17px;\n--wpforms-button-size-font-size: 17px;\n--wpforms-button-size-height: 41px;\n--wpforms-button-size-padding-h: 15px;\n--wpforms-button-size-margin-top: 10px;\n--wpforms-container-shadow-size-box-shadow: none;\n\t\t\t}\n\t\t\t<\/style><div class=\"wpforms-container wpforms-container-full wpforms-render-modern\" id=\"wpforms-408\"><form id=\"wpforms-form-408\" class=\"wpforms-validate wpforms-form\" data-formid=\"408\" method=\"post\" enctype=\"multipart\/form-data\" action=\"\/es\/wp-json\/wp\/v2\/pages\/2722\" data-token=\"e3d93b6f24ee21e8cbf0af4abd579aa3\" data-token-time=\"1776272979\"><noscript class=\"wpforms-error-noscript\">Por favor, activa JavaScript en tu navegador para completar este formulario.<\/noscript><div id=\"wpforms-error-noscript\" style=\"display: none;\">Por favor, activa JavaScript en tu navegador para completar este formulario.<\/div><div class=\"wpforms-field-container\"><div id=\"wpforms-408-field_0-container\" class=\"wpforms-field wpforms-field-name wpforms-one-half wpforms-first\" data-field-id=\"0\"><label class=\"wpforms-field-label\" for=\"wpforms-408-field_0\">Su Nombre <span class=\"wpforms-required-label\" aria-hidden=\"true\">*<\/span><\/label><input type=\"text\" id=\"wpforms-408-field_0\" class=\"wpforms-field-large wpforms-field-required\" name=\"wpforms[fields][0]\" aria-errormessage=\"wpforms-408-field_0-error\" required><\/div><div id=\"wpforms-408-field_1-container\" class=\"wpforms-field wpforms-field-email wpforms-one-half\" data-field-id=\"1\"><label class=\"wpforms-field-label\" for=\"wpforms-408-field_1\">Su Correo Electr\u00f3nico <span class=\"wpforms-required-label\" aria-hidden=\"true\">*<\/span><\/label><input type=\"email\" id=\"wpforms-408-field_1\" class=\"wpforms-field-large wpforms-field-required\" name=\"wpforms[fields][1]\" spellcheck=\"false\" aria-errormessage=\"wpforms-408-field_1-error\" required><\/div><div id=\"wpforms-408-field_3-container\" class=\"wpforms-field wpforms-field-text\" data-field-id=\"3\"><label class=\"wpforms-field-label\" for=\"wpforms-408-field_3\">Sujeto<\/label><input type=\"text\" id=\"wpforms-408-field_3\" class=\"wpforms-field-large\" name=\"wpforms[fields][3]\" aria-errormessage=\"wpforms-408-field_3-error\" ><\/div><div id=\"wpforms-408-field_2-container\" class=\"wpforms-field wpforms-field-textarea\" data-field-id=\"2\"><label class=\"wpforms-field-label\" for=\"wpforms-408-field_2\">Su Mensaje <span class=\"wpforms-required-label\" aria-hidden=\"true\">*<\/span><\/label><textarea id=\"wpforms-408-field_2\" class=\"wpforms-field-medium wpforms-field-required\" name=\"wpforms[fields][2]\" aria-errormessage=\"wpforms-408-field_2-error\" required><\/textarea><\/div><\/div><!-- .wpforms-field-container --><div class=\"wpforms-field wpforms-field-hp\"><label for=\"wpforms-408-field-hp\" class=\"wpforms-field-label\">Phone<\/label><input type=\"text\" name=\"wpforms[hp]\" id=\"wpforms-408-field-hp\" class=\"wpforms-field-medium\"><\/div><div class=\"wpforms-recaptcha-container wpforms-is-recaptcha wpforms-is-recaptcha-type-v3\" ><input type=\"hidden\" name=\"wpforms[recaptcha]\" value=\"\"><\/div><div class=\"wpforms-submit-container\" ><input type=\"hidden\" name=\"wpforms[id]\" value=\"408\"><input type=\"hidden\" name=\"page_title\" value=\"\"><input type=\"hidden\" name=\"page_url\" value=\"https:\/\/ourmoroccotours.com\/es\/wp-json\/wp\/v2\/pages\/2722\"><input type=\"hidden\" name=\"url_referer\" value=\"https:\/\/ourmoroccotours.com\/es\/contacto\/\"><button type=\"submit\" name=\"wpforms[submit]\" id=\"wpforms-submit-408\" class=\"wpforms-submit\" data-alt-text=\"Enviando...\" data-submit-text=\"Enviar\" aria-live=\"assertive\" value=\"wpforms-submit\">Enviar<\/button><\/div><\/form><\/div>  <!-- .wpforms-container --><\/div>\n\t\t\t\t\t\t<\/div>\n\t\t\t\t<\/div>\n\t\t\t\t\t<\/div>\n\t\t<\/div>\n\t\t\t\t\t<\/div>\n\t\t<\/section>\n\t\t\t\t<\/div>\n\t\t","protected":false},"excerpt":{"rendered":"<p>\u00a1Diga Hola! Correo electr\u00f3nico: omtassist@gmail.com Tel\u00e9fono\/Whatsapp: +212 622892479 Tel\u00e9fono\/Whatsapp: +34 634449686 Informaci\u00f3n de Contacto<\/p>\n","protected":false},"author":1,"featured_media":0,"parent":0,"menu_order":0,"comment_status":"closed","ping_status":"closed","template":"elementor_header_footer","meta":{"_joinchat":[],"footnotes":""},"class_list":["post-2722","page","type-page","status-publish","hentry"],"yoast_head":"<!-- This site is optimized with the Yoast SEO Premium plugin v26.2 (Yoast SEO v27.3) - https:\/\/yoast.com\/product\/yoast-seo-premium-wordpress\/ -->\n<title>Contacte con nosotros - Planifique su tour por Marruecos<\/title>\n<meta name=\"description\" content=\"P\u00f3ngase en contacto con nosotros para planificar su excursi\u00f3n por Marruecos, su viaje de un d\u00eda o su itinerario privado. Obtenga asistencia r\u00e1pida, presupuestos personalizados y ayuda para su viaje por parte de nuestro equipo local.\" \/>\n<meta name=\"robots\" content=\"index, follow, max-snippet:-1, max-image-preview:large, max-video-preview:-1\" \/>\n<link rel=\"canonical\" href=\"https:\/\/ourmoroccotours.com\/es\/contacto\/\" \/>\n<meta property=\"og:locale\" content=\"es_ES\" \/>\n<meta property=\"og:type\" content=\"article\" \/>\n<meta property=\"og:title\" content=\"Contacto\" \/>\n<meta property=\"og:description\" content=\"P\u00f3ngase en contacto con nosotros para planificar su excursi\u00f3n por Marruecos, su viaje de un d\u00eda o su itinerario privado. Obtenga asistencia r\u00e1pida, presupuestos personalizados y ayuda para su viaje por parte de nuestro equipo local.\" \/>\n<meta property=\"og:url\" content=\"https:\/\/ourmoroccotours.com\/es\/contacto\/\" \/>\n<meta property=\"og:site_name\" content=\"Our Morocco Tours\" \/>\n<meta property=\"article:publisher\" content=\"https:\/\/www.facebook.com\/SaharaMerzougaMarruecos\/\" \/>\n<meta property=\"article:modified_time\" content=\"2026-02-14T13:22:21+00:00\" \/>\n<meta name=\"twitter:card\" content=\"summary_large_image\" \/>\n<script type=\"application\/ld+json\" class=\"yoast-schema-graph\">{\"@context\":\"https:\\\/\\\/schema.org\",\"@graph\":[{\"@type\":\"WebPage\",\"@id\":\"https:\\\/\\\/ourmoroccotours.com\\\/es\\\/contacto\\\/\",\"url\":\"https:\\\/\\\/ourmoroccotours.com\\\/es\\\/contacto\\\/\",\"name\":\"Contacte con nosotros - Planifique su tour por Marruecos\",\"isPartOf\":{\"@id\":\"https:\\\/\\\/ourmoroccotours.com\\\/es\\\/#website\"},\"datePublished\":\"2016-04-17T10:14:13+00:00\",\"dateModified\":\"2026-02-14T13:22:21+00:00\",\"description\":\"P\u00f3ngase en contacto con nosotros para planificar su excursi\u00f3n por Marruecos, su viaje de un d\u00eda o su itinerario privado. Obtenga asistencia r\u00e1pida, presupuestos personalizados y ayuda para su viaje por parte de nuestro equipo local.\",\"breadcrumb\":{\"@id\":\"https:\\\/\\\/ourmoroccotours.com\\\/es\\\/contacto\\\/#breadcrumb\"},\"inLanguage\":\"es\",\"potentialAction\":[{\"@type\":\"ReadAction\",\"target\":[\"https:\\\/\\\/ourmoroccotours.com\\\/es\\\/contacto\\\/\"]}]},{\"@type\":\"BreadcrumbList\",\"@id\":\"https:\\\/\\\/ourmoroccotours.com\\\/es\\\/contacto\\\/#breadcrumb\",\"itemListElement\":[{\"@type\":\"ListItem\",\"position\":1,\"name\":\"Home\",\"item\":\"https:\\\/\\\/ourmoroccotours.com\\\/es\\\/inicio\\\/\"},{\"@type\":\"ListItem\",\"position\":2,\"name\":\"Contacto\"}]},{\"@type\":\"WebSite\",\"@id\":\"https:\\\/\\\/ourmoroccotours.com\\\/es\\\/#website\",\"url\":\"https:\\\/\\\/ourmoroccotours.com\\\/es\\\/\",\"name\":\"Our Morocco Tours\",\"description\":\"Morocco desert tours\",\"publisher\":{\"@id\":\"https:\\\/\\\/ourmoroccotours.com\\\/es\\\/#organization\"},\"alternateName\":\"Morocco Desert Tours\",\"potentialAction\":[{\"@type\":\"SearchAction\",\"target\":{\"@type\":\"EntryPoint\",\"urlTemplate\":\"https:\\\/\\\/ourmoroccotours.com\\\/es\\\/?s={search_term_string}\"},\"query-input\":{\"@type\":\"PropertyValueSpecification\",\"valueRequired\":true,\"valueName\":\"search_term_string\"}}],\"inLanguage\":\"es\"},{\"@type\":\"Organization\",\"@id\":\"https:\\\/\\\/ourmoroccotours.com\\\/es\\\/#organization\",\"name\":\"Our Morocco Tours\",\"alternateName\":\"Morocco Desert Tours\",\"url\":\"https:\\\/\\\/ourmoroccotours.com\\\/es\\\/\",\"logo\":{\"@type\":\"ImageObject\",\"inLanguage\":\"es\",\"@id\":\"https:\\\/\\\/ourmoroccotours.com\\\/es\\\/#\\\/schema\\\/logo\\\/image\\\/\",\"url\":\"https:\\\/\\\/ourmoroccotours.com\\\/wp-content\\\/uploads\\\/2025\\\/01\\\/Our-Morocco-Tours-logo-1-e1773670661382.png\",\"contentUrl\":\"https:\\\/\\\/ourmoroccotours.com\\\/wp-content\\\/uploads\\\/2025\\\/01\\\/Our-Morocco-Tours-logo-1-e1773670661382.png\",\"width\":980,\"height\":998,\"caption\":\"Our Morocco Tours\"},\"image\":{\"@id\":\"https:\\\/\\\/ourmoroccotours.com\\\/es\\\/#\\\/schema\\\/logo\\\/image\\\/\"},\"sameAs\":[\"https:\\\/\\\/www.facebook.com\\\/SaharaMerzougaMarruecos\\\/\",\"https:\\\/\\\/www.instagram.com\\\/ourmoroccotours\\\/\"],\"description\":\"Our Morocco Tours is a local tour agency specialising in private and small-group trips across Morocco. We organise desert tours, cultural journeys, and tailor-made itineraries departing from Marrakech, Fes, Casablanca, Tangier, Rabat, Errachidia, and Agadir. We provide both luxury and standard exp\u00e9riences, including Sahara desert tours, camel trekking, guided city visits, airport transfers, and custom travel planning. Our team helps international travellers discover Morocco through safe, flexible, and personalised journeys led by experienced local drivers and guides.\",\"email\":\"omtassist@gmail.com\",\"telephone\":\"+212622892479\",\"legalName\":\"Our Morocco Tours\",\"foundingDate\":\"2015-12-09\",\"numberOfEmployees\":{\"@type\":\"QuantitativeValue\",\"minValue\":\"1\",\"maxValue\":\"10\"}}]}<\/script>\n<!-- \/ Yoast SEO Premium plugin. -->","yoast_head_json":{"title":"Contacte con nosotros - Planifique su tour por Marruecos","description":"P\u00f3ngase en contacto con nosotros para planificar su excursi\u00f3n por Marruecos, su viaje de un d\u00eda o su itinerario privado. Obtenga asistencia r\u00e1pida, presupuestos personalizados y ayuda para su viaje por parte de nuestro equipo local.","robots":{"index":"index","follow":"follow","max-snippet":"max-snippet:-1","max-image-preview":"max-image-preview:large","max-video-preview":"max-video-preview:-1"},"canonical":"https:\/\/ourmoroccotours.com\/es\/contacto\/","og_locale":"es_ES","og_type":"article","og_title":"Contacto","og_description":"P\u00f3ngase en contacto con nosotros para planificar su excursi\u00f3n por Marruecos, su viaje de un d\u00eda o su itinerario privado. Obtenga asistencia r\u00e1pida, presupuestos personalizados y ayuda para su viaje por parte de nuestro equipo local.","og_url":"https:\/\/ourmoroccotours.com\/es\/contacto\/","og_site_name":"Our Morocco Tours","article_publisher":"https:\/\/www.facebook.com\/SaharaMerzougaMarruecos\/","article_modified_time":"2026-02-14T13:22:21+00:00","twitter_card":"summary_large_image","schema":{"@context":"https:\/\/schema.org","@graph":[{"@type":"WebPage","@id":"https:\/\/ourmoroccotours.com\/es\/contacto\/","url":"https:\/\/ourmoroccotours.com\/es\/contacto\/","name":"Contacte con nosotros - Planifique su tour por Marruecos","isPartOf":{"@id":"https:\/\/ourmoroccotours.com\/es\/#website"},"datePublished":"2016-04-17T10:14:13+00:00","dateModified":"2026-02-14T13:22:21+00:00","description":"P\u00f3ngase en contacto con nosotros para planificar su excursi\u00f3n por Marruecos, su viaje de un d\u00eda o su itinerario privado. Obtenga asistencia r\u00e1pida, presupuestos personalizados y ayuda para su viaje por parte de nuestro equipo local.","breadcrumb":{"@id":"https:\/\/ourmoroccotours.com\/es\/contacto\/#breadcrumb"},"inLanguage":"es","potentialAction":[{"@type":"ReadAction","target":["https:\/\/ourmoroccotours.com\/es\/contacto\/"]}]},{"@type":"BreadcrumbList","@id":"https:\/\/ourmoroccotours.com\/es\/contacto\/#breadcrumb","itemListElement":[{"@type":"ListItem","position":1,"name":"Home","item":"https:\/\/ourmoroccotours.com\/es\/inicio\/"},{"@type":"ListItem","position":2,"name":"Contacto"}]},{"@type":"WebSite","@id":"https:\/\/ourmoroccotours.com\/es\/#website","url":"https:\/\/ourmoroccotours.com\/es\/","name":"Our Morocco Tours","description":"Morocco desert tours","publisher":{"@id":"https:\/\/ourmoroccotours.com\/es\/#organization"},"alternateName":"Morocco Desert Tours","potentialAction":[{"@type":"SearchAction","target":{"@type":"EntryPoint","urlTemplate":"https:\/\/ourmoroccotours.com\/es\/?s={search_term_string}"},"query-input":{"@type":"PropertyValueSpecification","valueRequired":true,"valueName":"search_term_string"}}],"inLanguage":"es"},{"@type":"Organization","@id":"https:\/\/ourmoroccotours.com\/es\/#organization","name":"Our Morocco Tours","alternateName":"Morocco Desert Tours","url":"https:\/\/ourmoroccotours.com\/es\/","logo":{"@type":"ImageObject","inLanguage":"es","@id":"https:\/\/ourmoroccotours.com\/es\/#\/schema\/logo\/image\/","url":"https:\/\/ourmoroccotours.com\/wp-content\/uploads\/2025\/01\/Our-Morocco-Tours-logo-1-e1773670661382.png","contentUrl":"https:\/\/ourmoroccotours.com\/wp-content\/uploads\/2025\/01\/Our-Morocco-Tours-logo-1-e1773670661382.png","width":980,"height":998,"caption":"Our Morocco Tours"},"image":{"@id":"https:\/\/ourmoroccotours.com\/es\/#\/schema\/logo\/image\/"},"sameAs":["https:\/\/www.facebook.com\/SaharaMerzougaMarruecos\/","https:\/\/www.instagram.com\/ourmoroccotours\/"],"description":"Our Morocco Tours is a local tour agency specialising in private and small-group trips across Morocco. We organise desert tours, cultural journeys, and tailor-made itineraries departing from Marrakech, Fes, Casablanca, Tangier, Rabat, Errachidia, and Agadir. We provide both luxury and standard exp\u00e9riences, including Sahara desert tours, camel trekking, guided city visits, airport transfers, and custom travel planning. Our team helps international travellers discover Morocco through safe, flexible, and personalised journeys led by experienced local drivers and guides.","email":"omtassist@gmail.com","telephone":"+212622892479","legalName":"Our Morocco Tours","foundingDate":"2015-12-09","numberOfEmployees":{"@type":"QuantitativeValue","minValue":"1","maxValue":"10"}}]}},"_links":{"self":[{"href":"https:\/\/ourmoroccotours.com\/es\/wp-json\/wp\/v2\/pages\/2722","targetHints":{"allow":["GET"]}}],"collection":[{"href":"https:\/\/ourmoroccotours.com\/es\/wp-json\/wp\/v2\/pages"}],"about":[{"href":"https:\/\/ourmoroccotours.com\/es\/wp-json\/wp\/v2\/types\/page"}],"author":[{"embeddable":true,"href":"https:\/\/ourmoroccotours.com\/es\/wp-json\/wp\/v2\/users\/1"}],"replies":[{"embeddable":true,"href":"https:\/\/ourmoroccotours.com\/es\/wp-json\/wp\/v2\/comments?post=2722"}],"version-history":[{"count":3,"href":"https:\/\/ourmoroccotours.com\/es\/wp-json\/wp\/v2\/pages\/2722\/revisions"}],"predecessor-version":[{"id":3559,"href":"https:\/\/ourmoroccotours.com\/es\/wp-json\/wp\/v2\/pages\/2722\/revisions\/3559"}],"wp:attachment":[{"href":"https:\/\/ourmoroccotours.com\/es\/wp-json\/wp\/v2\/media?parent=2722"}],"curies":[{"name":"wp","href":"https:\/\/api.w.org\/{rel}","templated":true}]}}